{"id":1853,"date":"2025-02-07T15:46:41","date_gmt":"2025-02-07T15:46:41","guid":{"rendered":"https:\/\/www.lelapin.com\/Mantovanyao\/?page_id=1853"},"modified":"2025-02-21T15:16:25","modified_gmt":"2025-02-21T15:16:25","slug":"tirages","status":"publish","type":"page","link":"https:\/\/www.lelapin.com\/Mantovanyao\/tirages\/","title":{"rendered":"Tirages"},"content":{"rendered":"<div class=\"wpb-content-wrapper\"><p>[vc_row unlock_row_content=\u00a0\u00bbyes\u00a0\u00bb row_height_percent=\u00a0\u00bb0&Prime; override_padding=\u00a0\u00bbyes\u00a0\u00bb h_padding=\u00a0\u00bb3&Prime; top_padding=\u00a0\u00bb3&Prime; bottom_padding=\u00a0\u00bb3&Prime; overlay_alpha=\u00a0\u00bb50&Prime; gutter_size=\u00a0\u00bb4&Prime; column_width_percent=\u00a0\u00bb100&Prime; shift_y=\u00a0\u00bb0&Prime; z_index=\u00a0\u00bb0&Prime; enable_top_divider=\u00a0\u00bbdefault\u00a0\u00bb top_divider=\u00a0\u00bbstep_2_3&Prime; shape_top_flip=\u00a0\u00bbyes\u00a0\u00bb shape_top_h_use_pixel=\u00a0\u00bbtrue\u00a0\u00bb shape_top_height_percent=\u00a0\u00bb100&Prime; shape_top_color=\u00a0\u00bbcolor-lxmt\u00a0\u00bb shape_top_opacity=\u00a0\u00bb100&Prime; shape_top_index=\u00a0\u00bb0&Prime; content_parallax=\u00a0\u00bb0&Prime; uncode_shortcode_id=\u00a0\u00bb154211&Prime; shape_top_color_type=\u00a0\u00bbuncode-palette\u00a0\u00bb][vc_column column_width_percent=\u00a0\u00bb100&Prime; position_vertical=\u00a0\u00bbmiddle\u00a0\u00bb gutter_size=\u00a0\u00bb3&Prime; overlay_alpha=\u00a0\u00bb50&Prime; shift_x=\u00a0\u00bb0&Prime; shift_y=\u00a0\u00bb0&Prime; shift_y_down=\u00a0\u00bb0&Prime; z_index=\u00a0\u00bb0&Prime; medium_width=\u00a0\u00bb5&Prime; mobile_width=\u00a0\u00bb0&Prime; parallax_intensity=\u00a0\u00bb2&Prime; parallax_centered=\u00a0\u00bbyes\u00a0\u00bb width=\u00a0\u00bb7\/12&Prime; uncode_shortcode_id=\u00a0\u00bb624058&Prime;][vc_single_image media=\u00a0\u00bb2005&Prime; media_width_percent=\u00a0\u00bb100&Prime; uncode_shortcode_id=\u00a0\u00bb174378&Prime;][\/vc_column][vc_column column_width_percent=\u00a0\u00bb100&Prime; position_vertical=\u00a0\u00bbmiddle\u00a0\u00bb gutter_size=\u00a0\u00bb3&Prime; overlay_alpha=\u00a0\u00bb50&Prime; shift_x=\u00a0\u00bb0&Prime; shift_y=\u00a0\u00bb0&Prime; shift_y_down=\u00a0\u00bb0&Prime; z_index=\u00a0\u00bb0&Prime; medium_width=\u00a0\u00bb3&Prime; mobile_width=\u00a0\u00bb0&Prime; parallax_intensity=\u00a0\u00bb5&Prime; width=\u00a0\u00bb5\/12&Prime; uncode_shortcode_id=\u00a0\u00bb173231&Prime;][vc_row_inner limit_content=\u00a0\u00bb\u00a0\u00bb][vc_column_inner column_width_percent=\u00a0\u00bb100&Prime; gutter_size=\u00a0\u00bb3&Prime; overlay_alpha=\u00a0\u00bb50&Prime; shift_x=\u00a0\u00bb0&Prime; shift_y=\u00a0\u00bb0&Prime; shift_y_down=\u00a0\u00bb0&Prime; z_index=\u00a0\u00bb0&Prime; medium_width=\u00a0\u00bb0&Prime; mobile_width=\u00a0\u00bb0&Prime; width=\u00a0\u00bb1\/1&Prime;][vc_custom_heading heading_semantic=\u00a0\u00bbh6&Prime; text_size=\u00a0\u00bbh4&Prime; text_weight=\u00a0\u00bb400&Prime; uncode_shortcode_id=\u00a0\u00bb948152&Prime;]\u00ab Des tirages d\u2019art en \u00e9dition limit\u00e9e, capturant la force des paysages et la m\u00e9moire du vivant. Imprim\u00e9s sur papier d\u2019art, sign\u00e9s et accompagn\u00e9s d\u2019un certificat d\u2019authenticit\u00e9 \u00bb[\/vc_custom_heading][\/vc_column_inner][\/vc_row_inner][\/vc_column][\/vc_row][vc_row row_height_percent=\u00a0\u00bb0&Prime; override_padding=\u00a0\u00bbyes\u00a0\u00bb h_padding=\u00a0\u00bb2&Prime; top_padding=\u00a0\u00bb3&Prime; bottom_padding=\u00a0\u00bb3&Prime; overlay_alpha=\u00a0\u00bb50&Prime; gutter_size=\u00a0\u00bb4&Prime; column_width_percent=\u00a0\u00bb100&Prime; shift_y=\u00a0\u00bb0&Prime; z_index=\u00a0\u00bb0&Prime;][vc_column column_width_percent=\u00a0\u00bb100&Prime; gutter_size=\u00a0\u00bb3&Prime; overlay_alpha=\u00a0\u00bb50&Prime; shift_x=\u00a0\u00bb0&Prime; shift_y=\u00a0\u00bb0&Prime; shift_y_down=\u00a0\u00bb0&Prime; z_index=\u00a0\u00bb0&Prime; medium_width=\u00a0\u00bb0&Prime; mobile_width=\u00a0\u00bb0&Prime; width=\u00a0\u00bb1\/1&Prime; uncode_shortcode_id=\u00a0\u00bb140677&Prime;][vc_custom_heading text_size=\u00a0\u00bbh3&Prime; text_weight=\u00a0\u00bb500&Prime; uncode_shortcode_id=\u00a0\u00bb274842&Prime;]Tirages d\u2019art sur mesure[\/vc_custom_heading][vc_column_text text_lead=\u00a0\u00bbyes\u00a0\u00bb uncode_shortcode_id=\u00a0\u00bb107463&Prime;]Chaque \u0153uvre est une invitation \u00e0 entrer dans un univers o\u00f9 la nature parle d&rsquo;elle-m\u00eame.<\/p>\n<p>Je choisis chaque d\u00e9tail avec soin, en portant une attention particuli\u00e8re \u00e0 la qualit\u00e9 des mat\u00e9riaux et \u00e0 l&rsquo;\u00e9motion que je souhaite transmettre.<br \/>\nImprim\u00e9s sur des papiers d\u2019art s\u00e9lectionn\u00e9s qui subliment chaque nuance et chaque texture, ces tirages sont r\u00e9alis\u00e9s en \u00e9dition limit\u00e9e, sign\u00e9s et accompagn\u00e9s d\u2019un certificat d\u2019authenticit\u00e9. Chaque pi\u00e8ce est \u00e9galement num\u00e9rot\u00e9e, garantissant sa raret\u00e9 et sa valeur intemporelle.[\/vc_column_text][vc_custom_heading text_size=\u00a0\u00bbh3&Prime; text_weight=\u00a0\u00bb500&Prime; uncode_shortcode_id=\u00a0\u00bb165088&Prime;]Formats, finitions et encadrements[\/vc_custom_heading][vc_column_text text_lead=\u00a0\u00bbyes\u00a0\u00bb uncode_shortcode_id=\u00a0\u00bb189491&Prime;]Pour que chaque \u0153uvre trouve sa place dans votre int\u00e9rieur, plusieurs formats et finitions sont propos\u00e9s :<\/p>\n<ul>\n<li><strong>Formats disponibles<\/strong> : Du petit format intime aux grands formats immersifs.<\/li>\n<li><strong>Types de papiers<\/strong> : Papier canto rag, coton ou Hahnem\u00fchle pour un rendu pr\u00e9cis des d\u00e9tails et une excellente conservation.<\/li>\n<li><strong>Finitions<\/strong> : Tirage seul, contrecollage sur Dibond, ou encadrement en caisse am\u00e9ricaine pour une pr\u00e9sentation \u00e9l\u00e9gante et \u00e9pur\u00e9e.<br \/>\nSi vous avez un projet sp\u00e9cifique ou souhaitez un format personnalis\u00e9, n\u2019h\u00e9sitez pas \u00e0 me contacter.<\/li>\n<\/ul>\n<p>[\/vc_column_text][vc_custom_heading text_size=\u00a0\u00bbh3&Prime; text_weight=\u00a0\u00bb500&Prime; uncode_shortcode_id=\u00a0\u00bb126570&Prime;]Commande &amp; Acoompagnement Personnalis\u00e9[\/vc_custom_heading][vc_column_text text_lead=\u00a0\u00bbyes\u00a0\u00bb uncode_shortcode_id=\u00a0\u00bb159326&Prime;]Afin de vous proposer un tirage parfaitement adapt\u00e9 \u00e0 votre projet, je vous invite \u00e0 me contacter pour d\u00e9finir ensemble :<\/p>\n<ul>\n<li>Le <strong>format<\/strong> optimal en fonction de votre espace d\u2019exposition, du petit format intime aux grands formats immersifs.<\/li>\n<li>Le <strong>type d\u2019encadrement<\/strong> : tirage seul, contrecollage sur dibond, ou encadrement en caisse am\u00e9ricaine pour une pr\u00e9sentation \u00e9l\u00e9gante et \u00e9pur\u00e9e correspondant \u00e0 votre int\u00e9rieur et \u00e0 l\u2019esth\u00e9tique souhait\u00e9e,<\/li>\n<li>Le <strong>papier<\/strong> (Fine Art, textur\u00e9, mat\u2026) Papier canso rag, coton ou Hahnem\u00fchle pour un rendu pr\u00e9cis des d\u00e9tails et une excellente conservation.<\/li>\n<li>Toute demande sp\u00e9cifique li\u00e9e \u00e0 votre <strong>vision et votre projet de tirage<\/strong>.<\/li>\n<\/ul>\n<p>[\/vc_column_text][vc_custom_heading text_size=\u00a0\u00bbh3&Prime; text_weight=\u00a0\u00bb500&Prime; uncode_shortcode_id=\u00a0\u00bb171263&Prime;]Un \u00e9change pour affiner votre choix[\/vc_custom_heading][vc_column_text text_lead=\u00a0\u00bbyes\u00a0\u00bb uncode_shortcode_id=\u00a0\u00bb460481&Prime;]Vous avez une id\u00e9e pr\u00e9cise ou souhaitez \u00eatre conseill\u00e9(e) ? D\u00e9crivez-moi votre projet, l\u2019espace o\u00f9 vous souhaitez int\u00e9grer l\u2019\u0153uvre, l\u2019atmosph\u00e8re recherch\u00e9e et vos pr\u00e9f\u00e9rences en termes de finitions. Cet \u00e9change me permettra de vous proposer la solution la plus adapt\u00e9e.<\/p>\n<ul>\n<li><b>D\u00e9lais de fabrication<\/b>\u00a0: Chaque impression \u00e9tant r\u00e9alis\u00e9e sur mesure, un d\u00e9lai de 10 \u00e0 15 jours est \u00e0 pr\u00e9voir avant l\u2019exp\u00e9dition.<\/li>\n<li><b>Livraison<\/b>\u00a0: Exp\u00e9dition s\u00e9curis\u00e9e en France et \u00e0 l\u2019international. Les \u0153uvres sont soigneusement emball\u00e9es pour garantir leur protection.<\/li>\n<li><b>Retrait en atelier<\/b>\u00a0: Si vous \u00eates dans la r\u00e9gion, un retrait en main propre peut \u00eatre organis\u00e9 sur rendez-vous.<\/li>\n<\/ul>\n<p>[\/vc_column_text]\n<div class=\"wpcf7 no-js\" id=\"wpcf7-f1866-o1\" lang=\"fr-FR\" dir=\"ltr\" data-wpcf7-id=\"1866\">\n<div class=\"screen-reader-response\"><p role=\"status\" aria-live=\"polite\" aria-atomic=\"true\"><\/p> <ul><\/ul><\/div>\n<form action=\"\/Mantovanyao\/wp-json\/wp\/v2\/pages\/1853#wpcf7-f1866-o1\" method=\"post\" class=\"wpcf7-form init\" aria-label=\"Formulaire de contact\" novalidate=\"novalidate\" data-status=\"init\">\n<div style=\"display: none;\">\n<input type=\"hidden\" name=\"_wpcf7\" value=\"1866\" \/>\n<input type=\"hidden\" name=\"_wpcf7_version\" value=\"6.0.4\" \/>\n<input type=\"hidden\" name=\"_wpcf7_locale\" value=\"fr_FR\" \/>\n<input type=\"hidden\" name=\"_wpcf7_unit_tag\" value=\"wpcf7-f1866-o1\" \/>\n<input type=\"hidden\" name=\"_wpcf7_container_post\" value=\"0\" \/>\n<input type=\"hidden\" name=\"_wpcf7_posted_data_hash\" value=\"\" \/>\n<\/div>\n<p>Informations personnelles\n<\/p>\n<p><span class=\"wpcf7-form-control-wrap\" data-name=\"nom-prenom\"><input size=\"40\" maxlength=\"400\" class=\"wpcf7-form-control wpcf7-text wpcf7-validates-as-required\" aria-required=\"true\" aria-invalid=\"false\" value=\"Nom et pr\u00e9nom\" type=\"text\" name=\"nom-prenom\" \/><\/span><br \/>\n<span class=\"wpcf7-form-control-wrap\" data-name=\"email\"><input size=\"40\" maxlength=\"400\" class=\"wpcf7-form-control wpcf7-email wpcf7-validates-as-required wpcf7-text wpcf7-validates-as-email\" aria-required=\"true\" aria-invalid=\"false\" value=\"Adresse e-mail\" type=\"email\" name=\"email\" \/><\/span><br \/>\n<span class=\"wpcf7-form-control-wrap\" data-name=\"telephone\"><input size=\"40\" maxlength=\"400\" class=\"wpcf7-form-control wpcf7-tel wpcf7-validates-as-required wpcf7-text wpcf7-validates-as-tel\" aria-required=\"true\" aria-invalid=\"false\" value=\"Num\u00e9ro de t\u00e9l\u00e9phone\" type=\"tel\" name=\"telephone\" \/><\/span>\n<\/p>\n<p><span class=\"wpcf7-form-control-wrap\" data-name=\"message\"><textarea cols=\"40\" rows=\"10\" maxlength=\"2000\" class=\"wpcf7-form-control wpcf7-textarea\" aria-invalid=\"false\" name=\"message\">Message<\/textarea><\/span>\n<\/p>\n<p><input class=\"wpcf7-form-control wpcf7-submit has-spinner\" type=\"submit\" value=\"Envoyer la demande\" \/>\n<\/p><div class=\"wpcf7-response-output\" aria-hidden=\"true\"><\/div>\n<\/form>\n<\/div>\n[\/vc_column][\/vc_row][vc_row row_height_percent=\u00a0\u00bb0&Prime; override_padding=\u00a0\u00bbyes\u00a0\u00bb h_padding=\u00a0\u00bb2&Prime; top_padding=\u00a0\u00bb5&Prime; bottom_padding=\u00a0\u00bb5&Prime; overlay_alpha=\u00a0\u00bb50&Prime; gutter_size=\u00a0\u00bb4&Prime; column_width_percent=\u00a0\u00bb100&Prime; shift_y=\u00a0\u00bb0&Prime; z_index=\u00a0\u00bb0&Prime; enable_top_divider=\u00a0\u00bbdefault\u00a0\u00bb top_divider=\u00a0\u00bbstep_2_3&Prime; shape_top_h_use_pixel=\u00a0\u00bbtrue\u00a0\u00bb shape_top_height_percent=\u00a0\u00bb100&Prime; shape_top_color=\u00a0\u00bbcolor-lxmt\u00a0\u00bb shape_top_opacity=\u00a0\u00bb100&Prime; shape_top_index=\u00a0\u00bb0&Prime; content_parallax=\u00a0\u00bb0&Prime; uncode_shortcode_id=\u00a0\u00bb768805&Prime; shape_top_color_type=\u00a0\u00bbuncode-palette\u00a0\u00bb][vc_column column_width_percent=\u00a0\u00bb100&Prime; position_vertical=\u00a0\u00bbmiddle\u00a0\u00bb gutter_size=\u00a0\u00bb3&Prime; font_family=\u00a0\u00bbfont-165032&Prime; overlay_alpha=\u00a0\u00bb50&Prime; shift_x=\u00a0\u00bb0&Prime; shift_y=\u00a0\u00bb0&Prime; shift_y_down=\u00a0\u00bb0&Prime; z_index=\u00a0\u00bb0&Prime; medium_width=\u00a0\u00bb0&Prime; mobile_width=\u00a0\u00bb0&Prime; parallax_intensity=\u00a0\u00bb3&Prime; width=\u00a0\u00bb1\/1&Prime; uncode_shortcode_id=\u00a0\u00bb143201&Prime;][vc_gallery el_id=\u00a0\u00bbgallery-8760501&Prime; type=\u00a0\u00bbcarousel\u00a0\u00bb medias=\u00a0\u00bb1817,1820,1821,1819,1818,1809,1811,1808,1812,1814,1815,1813&Prime; carousel_lg=\u00a0\u00bb2&Prime; carousel_md=\u00a0\u00bb1&Prime; carousel_sm=\u00a0\u00bb1&Prime; gutter_size=\u00a0\u00bb2&Prime; carousel_height=\u00a0\u00bbequal\u00a0\u00bb carousel_autoh=\u00a0\u00bbyes\u00a0\u00bb carousel_interval=\u00a0\u00bb3000&Prime; carousel_navspeed=\u00a0\u00bb400&Prime; carousel_nav=\u00a0\u00bbyes\u00a0\u00bb stage_padding=\u00a0\u00bb0&Prime; single_shape=\u00a0\u00bbround\u00a0\u00bb single_overlay_opacity=\u00a0\u00bb50&Prime; single_padding=\u00a0\u00bb2&Prime; uncode_shortcode_id=\u00a0\u00bb755950&Prime;][uncode_carousel_nav padding=\u00a0\u00bb3&Prime; space=\u00a0\u00bbyes\u00a0\u00bb hide_arrows=\u00a0\u00bbyes\u00a0\u00bb uncode_shortcode_id=\u00a0\u00bb172486&Prime;][uncode_vertical_text text_align=\u00a0\u00bbtop\u00a0\u00bb position=\u00a0\u00bbright\u00a0\u00bb flip=\u00a0\u00bbyes\u00a0\u00bb vertical_text_h_pos=\u00a0\u00bb2&Prime; vertical_text_v_pos=\u00a0\u00bb0&Prime; z_index=\u00a0\u00bb0&Prime; uncode_shortcode_id=\u00a0\u00bb970455&Prime;]S&rsquo;Enforester\u00a0 \u2e3b[\/uncode_vertical_text][\/vc_column][\/vc_row]<\/p>\n<\/div>","protected":false},"excerpt":{"rendered":"<p>[vc_row unlock_row_content=\u00a0\u00bbyes\u00a0\u00bb row_height_percent=\u00a0\u00bb0&Prime; override_padding=\u00a0\u00bbyes\u00a0\u00bb h_padding=\u00a0\u00bb3&Prime; top_padding=\u00a0\u00bb3&Prime; bottom_padding=\u00a0\u00bb3&Prime; overlay_alpha=\u00a0\u00bb50&Prime; gutter_size=\u00a0\u00bb4&Prime; column_width_percent=\u00a0\u00bb100&Prime; shift_y=\u00a0\u00bb0&Prime; z_index=\u00a0\u00bb0&Prime; enable_top_divider=\u00a0\u00bbdefault\u00a0\u00bb top_divider=\u00a0\u00bbstep_2_3&Prime; shape_top_flip=\u00a0\u00bbyes\u00a0\u00bb shape_top_h_use_pixel=\u00a0\u00bbtrue\u00a0\u00bb shape_top_height_percent=\u00a0\u00bb100&Prime; shape_top_color=\u00a0\u00bbcolor-lxmt\u00a0\u00bb shape_top_opacity=\u00a0\u00bb100&Prime; shape_top_index=\u00a0\u00bb0&Prime; [&hellip;]<\/p>\n","protected":false},"author":1,"featured_media":0,"parent":0,"menu_order":0,"comment_status":"closed","ping_status":"closed","template":"","meta":{"footnotes":""},"class_list":["post-1853","page","type-page","status-publish","hentry"],"_links":{"self":[{"href":"https:\/\/www.lelapin.com\/Mantovanyao\/wp-json\/wp\/v2\/pages\/1853","targetHints":{"allow":["GET"]}}],"collection":[{"href":"https:\/\/www.lelapin.com\/Mantovanyao\/wp-json\/wp\/v2\/pages"}],"about":[{"href":"https:\/\/www.lelapin.com\/Mantovanyao\/wp-json\/wp\/v2\/types\/page"}],"author":[{"embeddable":true,"href":"https:\/\/www.lelapin.com\/Mantovanyao\/wp-json\/wp\/v2\/users\/1"}],"replies":[{"embeddable":true,"href":"https:\/\/www.lelapin.com\/Mantovanyao\/wp-json\/wp\/v2\/comments?post=1853"}],"version-history":[{"count":40,"href":"https:\/\/www.lelapin.com\/Mantovanyao\/wp-json\/wp\/v2\/pages\/1853\/revisions"}],"predecessor-version":[{"id":2368,"href":"https:\/\/www.lelapin.com\/Mantovanyao\/wp-json\/wp\/v2\/pages\/1853\/revisions\/2368"}],"wp:attachment":[{"href":"https:\/\/www.lelapin.com\/Mantovanyao\/wp-json\/wp\/v2\/media?parent=1853"}],"curies":[{"name":"wp","href":"https:\/\/api.w.org\/{rel}","templated":true}]}}